{"id":432,"date":"2019-02-05T14:40:17","date_gmt":"2019-02-05T12:40:17","guid":{"rendered":"https:\/\/www.adel.cat\/adel\/"},"modified":"2022-04-01T06:39:26","modified_gmt":"2022-04-01T04:39:26","slug":"adel","status":"publish","type":"page","link":"https:\/\/www.adel.cat\/es\/adel\/","title":{"rendered":"ADEL"},"content":{"rendered":"\t\t<div data-elementor-type=\"wp-post\" data-elementor-id=\"432\" class=\"elementor elementor-432 elementor-43\" data-elementor-post-type=\"page\">\n\t\t\t\t\t\t<section class=\"elementor-section elementor-top-section elementor-element elementor-element-db3e40c elementor-section-stretched elementor-section-boxed elementor-section-height-default elementor-section-height-default\" data-id=\"db3e40c\" data-element_type=\"section\" data-e-type=\"section\" data-settings=\"{&quot;stretch_section&quot;:&quot;section-stretched&quot;,&quot;background_background&quot;:&quot;classic&quot;,&quot;shape_divider_bottom&quot;:&quot;opacity-tilt&quot;}\">\n\t\t\t\t\t\t\t<div class=\"elementor-background-overlay\"><\/div>\n\t\t\t\t\t\t<div class=\"elementor-shape elementor-shape-bottom\" aria-hidden=\"true\" data-negative=\"false\">\n\t\t\t<svg xmlns=\"http:\/\/www.w3.org\/2000\/svg\" viewBox=\"0 0 2600 131.1\" preserveAspectRatio=\"none\">\n\t<path class=\"elementor-shape-fill\" d=\"M0 0L2600 0 2600 69.1 0 0z\"\/>\n\t<path class=\"elementor-shape-fill\" style=\"opacity:0.5\" d=\"M0 0L2600 0 2600 69.1 0 69.1z\"\/>\n\t<path class=\"elementor-shape-fill\" style=\"opacity:0.25\" d=\"M2600 0L0 0 0 130.1 2600 69.1z\"\/>\n<\/svg>\t\t<\/div>\n\t\t\t\t\t<div class=\"elementor-container elementor-column-gap-default\">\n\t\t\t\t\t<div class=\"elementor-column elementor-col-100 elementor-top-column elementor-element elementor-element-af4a635\" data-id=\"af4a635\" data-element_type=\"column\" data-e-type=\"column\">\n\t\t\t<div class=\"elementor-widget-wrap elementor-element-populated\">\n\t\t\t\t\t\t<div class=\"elementor-element elementor-element-0f86715 elementor-widget elementor-widget-text-editor\" data-id=\"0f86715\" data-element_type=\"widget\" data-e-type=\"widget\" data-widget_type=\"text-editor.default\">\n\t\t\t\t<div class=\"elementor-widget-container\">\n\t\t\t\t\t\t\t\t\t<p>ADEL es una empresa ubicada en Mollerussa dedicada a la prestaci\u00f3n de servicios de ayuda a las familias en todas las etapas de la vida.<\/p><p>Se ofrece Ayuda integral mediante un diagn\u00f3stico y dise\u00f1o para cada persona que completa la calidad del servicio.<\/p><p>ADEL nace de la inquietud de una emprendedora de Mollerussa, Eva Lorente, que percibi\u00f3 la necesidad de mejorar la calidad de vida de las familias en el \u00e1mbito domiciliario a nivel transversal. Eva es una profesional con amplia experiencia en el sector de la dependencia y en la intermediaci\u00f3n laboral trabajando los diferentes perfiles profesionales con las competencias que requiere cada puesto de trabajo. Crea y promueve el modelo de Atenci\u00f3n centrada en la persona, fomento de la participaci\u00f3n, importancia de la integraci\u00f3n en la comunidad.<\/p><p>Mejora de los sistemas de atenci\u00f3n domiciliaria, participaci\u00f3n ciudadana, intercambio generacional y mejora de los entornos de las personas para transformarlos en lugares de cohesi\u00f3n social entre las personas.<\/p>\t\t\t\t\t\t\t\t<\/div>\n\t\t\t\t<\/div>\n\t\t\t\t\t<\/div>\n\t\t<\/div>\n\t\t\t\t\t<\/div>\n\t\t<\/section>\n\t\t\t\t<section class=\"elementor-section elementor-top-section elementor-element elementor-element-a859346 elementor-section-boxed elementor-section-height-default elementor-section-height-default\" data-id=\"a859346\" data-element_type=\"section\" data-e-type=\"section\">\n\t\t\t\t\t\t<div class=\"elementor-container elementor-column-gap-default\">\n\t\t\t\t\t<div class=\"elementor-column elementor-col-100 elementor-top-column elementor-element elementor-element-f58aa8b\" data-id=\"f58aa8b\" data-element_type=\"column\" data-e-type=\"column\">\n\t\t\t<div class=\"elementor-widget-wrap elementor-element-populated\">\n\t\t\t\t\t\t<div class=\"elementor-element elementor-element-37ad172 elementor-widget elementor-widget-heading\" data-id=\"37ad172\" data-element_type=\"widget\" data-e-type=\"widget\" data-widget_type=\"heading.default\">\n\t\t\t\t<div class=\"elementor-widget-container\">\n\t\t\t\t\t<h2 class=\"elementor-heading-title elementor-size-default\">Misi\u00f3n, visi\u00f3n y valores<\/h2>\t\t\t\t<\/div>\n\t\t\t\t<\/div>\n\t\t\t\t\t<\/div>\n\t\t<\/div>\n\t\t\t\t\t<\/div>\n\t\t<\/section>\n\t\t\t\t<section class=\"elementor-section elementor-top-section elementor-element elementor-element-27a0c87 elementor-section-boxed elementor-section-height-default elementor-section-height-default\" data-id=\"27a0c87\" data-element_type=\"section\" data-e-type=\"section\">\n\t\t\t\t\t\t<div class=\"elementor-container elementor-column-gap-wide\">\n\t\t\t\t\t<div class=\"elementor-column elementor-col-25 elementor-top-column elementor-element elementor-element-1b2c2ad\" data-id=\"1b2c2ad\" data-element_type=\"column\" data-e-type=\"column\">\n\t\t\t<div class=\"elementor-widget-wrap elementor-element-populated\">\n\t\t\t\t\t\t<div class=\"elementor-element elementor-element-6dfa044 elementor-widget elementor-widget-text-editor\" data-id=\"6dfa044\" data-element_type=\"widget\" data-e-type=\"widget\" data-widget_type=\"text-editor.default\">\n\t\t\t\t<div class=\"elementor-widget-container\">\n\t\t\t\t\t\t\t\t\t<p><strong>Confianza y seguridad<\/strong>. Mediante personal cualificado, fidelizaci\u00f3n con la legislaci\u00f3n vigente y con conocimiento del personal laboral. Flexibilidad, eficiencia, atenci\u00f3n y soporte personal. Asesoramiento en temas legales.<\/p>\t\t\t\t\t\t\t\t<\/div>\n\t\t\t\t<\/div>\n\t\t\t\t\t<\/div>\n\t\t<\/div>\n\t\t\t\t<div class=\"elementor-column elementor-col-25 elementor-top-column elementor-element elementor-element-5294ee4\" data-id=\"5294ee4\" data-element_type=\"column\" data-e-type=\"column\">\n\t\t\t<div class=\"elementor-widget-wrap elementor-element-populated\">\n\t\t\t\t\t\t<div class=\"elementor-element elementor-element-3e4fc51 elementor-widget elementor-widget-text-editor\" data-id=\"3e4fc51\" data-element_type=\"widget\" data-e-type=\"widget\" data-widget_type=\"text-editor.default\">\n\t\t\t\t<div class=\"elementor-widget-container\">\n\t\t\t\t\t\t\t\t\t<p><strong>Excelencia<\/strong>. Escuchamos las necesidades de las familias porque entendemos que las personas as\u00ed lo demandan y el \u00e9xito depende principalmente de su satisfacci\u00f3n. Trabajo constante para conseguir su tranquilidad, comodidad y proporcionando soluciones.<\/p>\t\t\t\t\t\t\t\t<\/div>\n\t\t\t\t<\/div>\n\t\t\t\t\t<\/div>\n\t\t<\/div>\n\t\t\t\t<div class=\"elementor-column elementor-col-25 elementor-top-column elementor-element elementor-element-76d5bfc\" data-id=\"76d5bfc\" data-element_type=\"column\" data-e-type=\"column\">\n\t\t\t<div class=\"elementor-widget-wrap elementor-element-populated\">\n\t\t\t\t\t\t<div class=\"elementor-element elementor-element-51edf97 elementor-widget elementor-widget-text-editor\" data-id=\"51edf97\" data-element_type=\"widget\" data-e-type=\"widget\" data-widget_type=\"text-editor.default\">\n\t\t\t\t<div class=\"elementor-widget-container\">\n\t\t\t\t\t\t\t\t\t<p><strong>Flexibilidad<\/strong>. Mediante un asesoramiento especializado se estudia la forma de adaptarnos a su presupuesto inform\u00e1ndole de forma clara, transparente y completa de las diferentes opciones contractuales para que usted decida cu\u00e1l es la mejor opci\u00f3n que se ajusta a sus necesidades.<\/p>\t\t\t\t\t\t\t\t<\/div>\n\t\t\t\t<\/div>\n\t\t\t\t\t<\/div>\n\t\t<\/div>\n\t\t\t\t<div class=\"elementor-column elementor-col-25 elementor-top-column elementor-element elementor-element-6c828b2\" data-id=\"6c828b2\" data-element_type=\"column\" data-e-type=\"column\">\n\t\t\t<div class=\"elementor-widget-wrap elementor-element-populated\">\n\t\t\t\t\t\t<div class=\"elementor-element elementor-element-758c07b elementor-widget elementor-widget-text-editor\" data-id=\"758c07b\" data-element_type=\"widget\" data-e-type=\"widget\" data-widget_type=\"text-editor.default\">\n\t\t\t\t<div class=\"elementor-widget-container\">\n\t\t\t\t\t\t\t\t\t<p><strong>Reconocimiento<\/strong> hacia las personas que se dedican al cuidado de otros, y por eso merecen m\u00e1s reconocimiento y respeto por el trabajo que realizan con vocaci\u00f3n y mucho sacrificio.<\/p>\t\t\t\t\t\t\t\t<\/div>\n\t\t\t\t<\/div>\n\t\t\t\t\t<\/div>\n\t\t<\/div>\n\t\t\t\t\t<\/div>\n\t\t<\/section>\n\t\t\t\t<section class=\"elementor-section elementor-top-section elementor-element elementor-element-e44b357 elementor-section-boxed elementor-section-height-default elementor-section-height-default\" data-id=\"e44b357\" data-element_type=\"section\" data-e-type=\"section\">\n\t\t\t\t\t\t<div class=\"elementor-container elementor-column-gap-default\">\n\t\t\t\t\t<div class=\"elementor-column elementor-col-33 elementor-top-column elementor-element elementor-element-8f11328\" data-id=\"8f11328\" data-element_type=\"column\" data-e-type=\"column\">\n\t\t\t<div class=\"elementor-widget-wrap elementor-element-populated\">\n\t\t\t\t\t\t<div class=\"elementor-element elementor-element-f6ea773 elementor-widget elementor-widget-text-editor\" data-id=\"f6ea773\" data-element_type=\"widget\" data-e-type=\"widget\" data-widget_type=\"text-editor.default\">\n\t\t\t\t<div class=\"elementor-widget-container\">\n\t\t\t\t\t\t\t\t\t<p>Te ofrecemos las <strong>soluciones adaptadas<\/strong> a las diferentes realidades, porque no todas las familias tienen las mismas necesidades ni perfil.<\/p>\t\t\t\t\t\t\t\t<\/div>\n\t\t\t\t<\/div>\n\t\t\t\t\t<\/div>\n\t\t<\/div>\n\t\t\t\t<div class=\"elementor-column elementor-col-33 elementor-top-column elementor-element elementor-element-7295ce1\" data-id=\"7295ce1\" data-element_type=\"column\" data-e-type=\"column\">\n\t\t\t<div class=\"elementor-widget-wrap elementor-element-populated\">\n\t\t\t\t\t\t<div class=\"elementor-element elementor-element-41c9239 elementor-widget elementor-widget-text-editor\" data-id=\"41c9239\" data-element_type=\"widget\" data-e-type=\"widget\" data-widget_type=\"text-editor.default\">\n\t\t\t\t<div class=\"elementor-widget-container\">\n\t\t\t\t\t\t\t\t\t<p>Ofrecemos soluciones tanto para aquellos que necesitan un <strong>servicio continuado, diario, semanales.<\/strong><\/p>\t\t\t\t\t\t\t\t<\/div>\n\t\t\t\t<\/div>\n\t\t\t\t\t<\/div>\n\t\t<\/div>\n\t\t\t\t<div class=\"elementor-column elementor-col-33 elementor-top-column elementor-element elementor-element-8d0ffd0\" data-id=\"8d0ffd0\" data-element_type=\"column\" data-e-type=\"column\">\n\t\t\t<div class=\"elementor-widget-wrap elementor-element-populated\">\n\t\t\t\t\t\t<div class=\"elementor-element elementor-element-824c404 elementor-widget elementor-widget-text-editor\" data-id=\"824c404\" data-element_type=\"widget\" data-e-type=\"widget\" data-widget_type=\"text-editor.default\">\n\t\t\t\t<div class=\"elementor-widget-container\">\n\t\t\t\t\t\t\t\t\t<p>En cuanto nos indique las necesidades a cubrir, le <strong>orientaremos<\/strong> hacia las soluciones que hemos dise\u00f1ado y creemos que son m\u00e1s oportunas para usted.<\/p>\t\t\t\t\t\t\t\t<\/div>\n\t\t\t\t<\/div>\n\t\t\t\t\t<\/div>\n\t\t<\/div>\n\t\t\t\t\t<\/div>\n\t\t<\/section>\n\t\t\t\t<\/div>\n\t\t","protected":false},"excerpt":{"rendered":"<p>ADEL es una empresa ubicada en Mollerussa dedicada a la prestaci\u00f3n de servicios de ayuda a las familias en todas las etapas de la vida. Se ofrece Ayuda integral mediante un diagn\u00f3stico y dise\u00f1o para cada persona que completa la calidad del servicio. ADEL nace de la inquietud de una emprendedora de Mollerussa, Eva Lorente, &#8230; <a title=\"ADEL\" class=\"read-more\" href=\"https:\/\/www.adel.cat\/es\/adel\/\" aria-label=\"Leer m\u00e1s sobre ADEL\">Leer m\u00e1s<\/a><\/p>\n","protected":false},"author":4,"featured_media":0,"parent":0,"menu_order":0,"comment_status":"closed","ping_status":"closed","template":"","meta":{"footnotes":""},"class_list":["post-432","page","type-page","status-publish"],"_links":{"self":[{"href":"https:\/\/www.adel.cat\/es\/wp-json\/wp\/v2\/pages\/432","targetHints":{"allow":["GET"]}}],"collection":[{"href":"https:\/\/www.adel.cat\/es\/wp-json\/wp\/v2\/pages"}],"about":[{"href":"https:\/\/www.adel.cat\/es\/wp-json\/wp\/v2\/types\/page"}],"author":[{"embeddable":true,"href":"https:\/\/www.adel.cat\/es\/wp-json\/wp\/v2\/users\/4"}],"replies":[{"embeddable":true,"href":"https:\/\/www.adel.cat\/es\/wp-json\/wp\/v2\/comments?post=432"}],"version-history":[{"count":4,"href":"https:\/\/www.adel.cat\/es\/wp-json\/wp\/v2\/pages\/432\/revisions"}],"predecessor-version":[{"id":443,"href":"https:\/\/www.adel.cat\/es\/wp-json\/wp\/v2\/pages\/432\/revisions\/443"}],"wp:attachment":[{"href":"https:\/\/www.adel.cat\/es\/wp-json\/wp\/v2\/media?parent=432"}],"curies":[{"name":"wp","href":"https:\/\/api.w.org\/{rel}","templated":true}]}}